{"id":31,"date":"2016-05-04T13:29:14","date_gmt":"2016-05-04T11:29:14","guid":{"rendered":"http:\/\/darjus.de\/?page_id=31"},"modified":"2020-02-13T07:34:19","modified_gmt":"2020-02-13T06:34:19","slug":"publikationen","status":"publish","type":"page","link":"https:\/\/darjus.de\/?page_id=31","title":{"rendered":"Publikationen"},"content":{"rendered":"<p><span style=\"color: #007acc;\"><strong>Web-Seminare der Firma Claris (vormals FileMaker)\u00a0<\/strong><\/span><br \/>\nFileMaker-Datenbanken f\u00fcr iOS-Ger\u00e4te<a href=\"http:\/\/info2.filemaker.com\/CE_de-DE_iOS_Datenbanken1_300615.html\" target=\"_blank\" rel=\"noopener noreferrer\"><br \/>\nTeil 1: Reduzierung auf das Maximum<br \/>\n<\/a><a href=\"http:\/\/info2.filemaker.com\/CE_de-DE_iOSDatenbanken2_070715.html\" target=\"_blank\" rel=\"noopener noreferrer\">Teil 2: Online oder Offline \u2013 Wo liegen die Daten?<br \/>\n<\/a><a href=\"http:\/\/info2.filemaker.com\/CE_de-DEiOSDatenbanken3_140715_record.html\">Teil 3: Suchmethoden<\/a><br \/>\n<a href=\"https:\/\/www.youtube.com\/watch?v=qM3INJuPRrQ\"><strong><br \/>\n<span style=\"color: #007acc;\">FileMaker in der Sansibar auf Sylt<\/span><\/strong><br \/>\n<\/a>Wof\u00fcr das Kult-Restaurant auf der Nordseeinsel Sylt FileMaker nutzt.<\/p>\n<p><span style=\"color: #007acc;\"><strong><a style=\"color: #007acc;\" href=\"http:\/\/de.slideshare.net\/fmkonferenz\/fmk-2013-matroschka-prinzip-marcel-mor-holger-darjus\">Das Matroschka-Prinzip<\/a><\/strong><\/span><br \/>\nWie Sie als Entwickler Ihr Projekt zum Erfolg f\u00fchren.<br \/>\nPr\u00e4sentation von Marcel Mor\u00e9 und Holger Darjus auf der FileMaker-Konferenz 2013 in Salzburg<\/p>\n<p><span style=\"color: #007acc;\"><strong>Fachartikel im FileMaker Magazin<br \/>\n<\/strong><span style=\"color: #000000;\">Der K&amp;K Verlag vertreibt die FileMaker Software und ist Betreiber des<br \/>\n<a href=\"https:\/\/filemaker-magazin.de\/forum\" target=\"_blank\" rel=\"noopener noreferrer\">FileMaker Magazin Forums<\/a>.\u00a0Zudem ist er der Herausgeber des FileMaker Magazin &#8211; eine Fachzeitschrift die sich seit \u00fcber 25 Jahren mit den Produkten aus dem Hause FileMaker Inc. besch\u00e4ftigt und in der wertvolle Artikel f\u00fcr Anwender, Entwickler und Entscheider f\u00fcr Datenbankl\u00f6sungen erscheinen.<br \/>\nHolger Darjus geh\u00f6rt seit 2001 zu den Fachautoren und hat zahlreiche Beitr\u00e4ge ver\u00f6ffentlicht. Hier eine kleine Auswahl:<\/span><\/span><\/p>\n<p><a href=\"http:\/\/darjus.de\/wp-content\/uploads\/2016\/09\/FMM_201604_5-7.pdf\">Ausgabe 2016 Heft 4<\/a><br \/>\nMehrsprachige Oberfl\u00e4chen<br \/>\nDynamische Sprachverwaltung f\u00fcr FileMaker Datenbanken.<\/p>\n<p><a href=\"http:\/\/darjus.de\/wp-content\/uploads\/2016\/09\/FMM201504_7-10.pdf\">Ausgabe 2015 Heft 4<\/a><br \/>\nZu mir oder zu Dir?<br \/>\nWas zu tun ist, wenn Datenbanken den Server wechseln sollen.<\/p>\n<p><a href=\"http:\/\/darjus.de\/wp-content\/uploads\/2016\/09\/FMM_201503_30-33.pdf\">Ausgabe 2015 Heft 3<\/a><br \/>\nNeed for Speed<br \/>\nWie Sie mit wenig Aufwand die Geschwindigkeit Ihrer FileMaker Datenbanken erheblich beschleunigen k\u00f6nnen.<\/p>\n<p><a href=\"http:\/\/darjus.de\/wp-content\/uploads\/2016\/09\/FMM_201502_21-24.pdf\">Ausgabe 2015 Heft 2<\/a><br \/>\nWorauf Entwickler bei der Planung von Datenbanken achten sollten.<\/p>\n<p>Vierteilige Serie zur Gestaltung von Benutzeroberfl\u00e4chen.<br \/>\n<a href=\"http:\/\/darjus.de\/wp-content\/uploads\/2016\/09\/FMM_201004_32-36.pdf\">Ausgabe 2010 Heft 4<\/a> Interface Design Teil 1 (PDF 2,5 MB)<br \/>\n<a href=\"http:\/\/darjus.de\/wp-content\/uploads\/2016\/09\/FMM_201005_21-26.pdf\">Ausgabe 2010 Heft 5<\/a>\u00a0Interface Design Teil 2\u00a0(PDF 2,6 MB)<br \/>\n<a href=\"http:\/\/darjus.de\/wp-content\/uploads\/2016\/09\/FMM_201006_23-27.pdf\">Ausgabe 2010 Heft 6<\/a>\u00a0Interface Design Teil 3\u00a0(PDF 2,5 MB)<br \/>\n<a href=\"http:\/\/darjus.de\/wp-content\/uploads\/2016\/09\/FMM_201101_29-32.pdf\">Ausgabe 2011 Heft 1<\/a>\u00a0Interface Design Teil 4\u00a0(PDF 2,6 MB)<\/p>\n<p><a href=\"http:\/\/darjus.de\/wp-content\/uploads\/2016\/09\/FMM2009-04.pdf\">Ausgabe 2009 Heft 4<\/a><br \/>\nNach der Pflicht die K\u00fcr<br \/>\nFeine Extras, die Anwender begeistern.<\/p>\n<p><a href=\"http:\/\/darjus.de\/wp-content\/uploads\/2016\/09\/FMM_2008_1-3.pdf\">Ausgabe 2008 Heft 1<\/a> DoShellCommand. Das qToolbox Plugin<br \/>\n<a href=\"http:\/\/darjus.de\/wp-content\/uploads\/2016\/09\/FMM_200801_1.pdf\">Ausgabe 2008 Heft 1<\/a>\u00a0Phonetische Suche<\/p>\n","protected":false},"excerpt":{"rendered":"<p>Web-Seminare der Firma Claris (vormals FileMaker)\u00a0 FileMaker-Datenbanken f\u00fcr iOS-Ger\u00e4te Teil 1: Reduzierung auf das Maximum Teil 2: Online oder Offline \u2013 Wo liegen die Daten? Teil 3: Suchmethoden FileMaker in der Sansibar auf Sylt Wof\u00fcr das Kult-Restaurant auf der Nordseeinsel Sylt FileMaker nutzt. Das Matroschka-Prinzip Wie Sie als Entwickler Ihr Projekt zum Erfolg f\u00fchren. Pr\u00e4sentation &hellip; <a href=\"https:\/\/darjus.de\/?page_id=31\" class=\"more-link\"><span class=\"screen-reader-text\">Publikationen<\/span> weiterlesen<\/a><\/p>\n","protected":false},"author":1,"featured_media":0,"parent":2,"menu_order":0,"comment_status":"closed","ping_status":"closed","template":"","meta":[],"_links":{"self":[{"href":"https:\/\/darjus.de\/index.php?rest_route=\/wp\/v2\/pages\/31"}],"collection":[{"href":"https:\/\/darjus.de\/index.php?rest_route=\/wp\/v2\/pages"}],"about":[{"href":"https:\/\/darjus.de\/index.php?rest_route=\/wp\/v2\/types\/page"}],"author":[{"embeddable":true,"href":"https:\/\/darjus.de\/index.php?rest_route=\/wp\/v2\/users\/1"}],"replies":[{"embeddable":true,"href":"https:\/\/darjus.de\/index.php?rest_route=%2Fwp%2Fv2%2Fcomments&post=31"}],"version-history":[{"count":24,"href":"https:\/\/darjus.de\/index.php?rest_route=\/wp\/v2\/pages\/31\/revisions"}],"predecessor-version":[{"id":76,"href":"https:\/\/darjus.de\/index.php?rest_route=\/wp\/v2\/pages\/31\/revisions\/76"}],"up":[{"embeddable":true,"href":"https:\/\/darjus.de\/index.php?rest_route=\/wp\/v2\/pages\/2"}],"wp:attachment":[{"href":"https:\/\/darjus.de\/index.php?rest_route=%2Fwp%2Fv2%2Fmedia&parent=31"}],"curies":[{"name":"wp","href":"https:\/\/api.w.org\/{rel}","templated":true}]}}